{"id":25,"date":"2016-09-12T02:32:15","date_gmt":"2016-09-12T02:32:15","guid":{"rendered":"http:\/\/www.annaobserva.org\/?page_id=25"},"modified":"2026-03-15T22:47:29","modified_gmt":"2026-03-15T22:47:29","slug":"inicio","status":"publish","type":"page","link":"https:\/\/www.annaobserva.org\/en\/","title":{"rendered":"INICIO"},"content":{"rendered":"<p><\/p>\n<div class=\"container-fluid back-welcome paddaj\">\n\t<img decoding=\"async\" class=\"w-100\" src=\"wp-content\/themes\/llorix-one-lite\/images\/back-2023.png\">\n<\/div>\n<div class=\"container paddaj pt-30\">\n<div class=\"col-md-12\">\n<h1>We hope that <b>ANNAObserva<\/b> can be a meeting place of a community interested in promoting the comprehensive protection of children and adolescents against sexual exploitation, smuggling and trafficking, with a human rights approach.<\/h1>\n<\/p><\/div>\n<\/div>\n<div class=\"container pad30-0\">\n<div class=\"col-md-12\">\n<h2 class=\"text-yellow\">Inter-American Cooperation Programme for the Prevention and Eradication of Sexual Exploitation, Smuggling of and  Trafficking in Children.<\/h2>\n<p><b>ANNAObserva<\/b> is the website for the Inter-American Programme for the Prevention and Eradication of Child Commercial Sexual Exploitation and Illegal Trafficking.<\/p>\n<p>The ANNAObserva Inter-American Programme was established by the Directing Council of the IIN in 2007 <a href=\"http:\/\/www.annaobserva.org\/wp-content\/uploads\/2016\/10\/CD-RES.-10-_82-R-07_-ING.pdf\" target=\"_blank\" rel=\"noopener noreferrer\">(CD\/RES.10)<\/a> and ratified by the General Assembly of the OAS the following year <a href=\"http:\/\/www.annaobserva.org\/wp-content\/uploads\/2016\/10\/AG-RES-2432-3jun08-ING.pdf\" target=\"_blank\" rel=\"noopener noreferrer\">(AG\/RES. 2432)<\/a>.<\/p>\n<p>By Resolution <b>(CD\/RES 04 (87-R\/12))<\/b> it was renamed as it is known today.<\/p>\n<p> The Inter-American Program is organized into 3 working areas:<\/p>\n<p>\u2022 Compilation, systematization and dissemination of significant information about sexual exploitation, trafficking of girls, boys and adolescents, with special emphasis on what is produced in the region.<\/p>\n<p>\u2022 Production of knowledge and instruments to address sexual exploitation, trafficking of girls, boys and adolescents.<\/p>\n<p>\u2022 Technical assistance and training of human resources.<\/p>\n<\/p><\/div>\n<\/p><\/div>\n<div class=\"container-fluid paddaj back-gris\">\n<div class=\"container paddaj white-text bloques3\">\n\t<a class=\"bigbuttons\" href=\"https:\/\/www.annaobserva.org\/observatorio\/\" rel=\"noopener\"><\/p>\n<div class=\"col-md-3\">\n<div class=\"col-md-12 a-amarillo custom-size\">\n<h3 class=\"text-center\"><i class=\"fa fa-eye\" aria-hidden=\"true\"><\/i>Observatorio<\/h3>\n<p class=\"text-center\">Incluye documentos e informaci\u00f3n de los Estados del Sistema Interamericano en relaci\u00f3n a: Legislaci\u00f3n; Pol\u00edticas P\u00fablicas; Espacios de Coordinaci\u00f3n; Iniciativas de la Sociedad Civil; Datos Estad\u00edsticos; Otros documentos.<\/div>\n<\/div>\n<p><\/a><a class=\"bigbuttons\" href=\"\/formacion-de-rr-hh\/\" rel=\"noopener\"><\/p>\n<div class=\"col-md-3\">\n<div class=\"col-md-12 a-red custom-size\">\n<h3 class=\"text-center\"><i class=\"fa fa-users\" aria-hidden=\"true\"><\/i>Formaci\u00f3n de RRHH<\/h3>\n<p class=\"text-center\">Podr\u00e1n acceder a toda la informaci\u00f3n relativa al curso semi-presencial sobre Explotaci\u00f3n Sexual de Ni\u00f1as, Ni\u00f1os y Adolescentes, que se realiza anualmente en co-responsabilidad con los Estados.<\/p>\n<\/div>\n<\/div>\n<p><\/a><a class=\"bigbuttons\" href=\"\/publicaciones\/\" rel=\"noopener\"><\/p>\n<div class=\"col-md-3\">\n<div class=\"col-md-12 a-verde custom-size\">\n<h3 class=\"text-center\"><i class=\"fa fa-pencil-square-o\" aria-hidden=\"true\"><\/i>Publicaciones<\/h3>\n<p class=\"text-center\">Se difundir\u00e1n los documentos y herramientas producidos en el marco del Programa.<\/p>\n<\/div>\n<\/div>\n<p><\/a><a class=\"bigbuttons\" href=\"\/eventos-y-actividades\/\" rel=\"noopener\"><\/p>\n<div class=\"col-md-3\">\n<div class=\"col-md-12 a-azul custom-size\">\n<h3 class=\"text-center\"><i class=\"fa fa-calendar\" aria-hidden=\"true\"><\/i>Actividades y Eventos<\/h3>\n<p class=\"text-center\">Se comunicar\u00e1n las acciones de incidencia y asesoramiento t\u00e9cnico desarrolladas desde el Programa.<\/p>\n<\/div>\n<\/div>\n<p><\/a>\n\t<\/div>\n<\/p><\/div>\n<div class=\"container paddaj pad30-0\">\n<h3>Latest Contents<\/h3>\n<div class=\"pt-cv-wrapper\"><div class=\"pt-cv-view pt-cv-grid pt-cv-colsys\" id=\"pt-cv-view-8bfba7czh5\"><div data-id=\"pt-cv-page-1\" class=\"pt-cv-page\" data-cvc=\"4\"><div class=\"col-md-3 col-sm-6 col-xs-12 pt-cv-content-item pt-cv-1-col\" ><div class='pt-cv-ifield'><a href=\"https:\/\/www.annaobserva.org\/en\/salud-mental-como-derecho-de-ninas-ninos-y-adolescentes-victimas-de-explotacion-sexual\/\" class=\"_self pt-cv-href-thumbnail pt-cv-thumb-default\" target=\"_self\" ><img loading=\"lazy\" decoding=\"async\" width=\"540\" height=\"540\" src=\"https:\/\/www.annaobserva.org\/wp-content\/uploads\/2025\/09\/Portada-Anna_Nota-23-de-setiembre.jpg\" class=\"pt-cv-thumbnail\" alt=\"\" srcset=\"https:\/\/www.annaobserva.org\/wp-content\/uploads\/2025\/09\/Portada-Anna_Nota-23-de-setiembre.jpg 540w, https:\/\/www.annaobserva.org\/wp-content\/uploads\/2025\/09\/Portada-Anna_Nota-23-de-setiembre-300x300.jpg 300w, https:\/\/www.annaobserva.org\/wp-content\/uploads\/2025\/09\/Portada-Anna_Nota-23-de-setiembre-150x150.jpg 150w\" sizes=\"auto, (max-width: 540px) 100vw, 540px\" \/><\/a>\n<h4 class=\"pt-cv-title\"><a href=\"https:\/\/www.annaobserva.org\/en\/salud-mental-como-derecho-de-ninas-ninos-y-adolescentes-victimas-de-explotacion-sexual\/\" class=\"_self\" target=\"_self\" >Salud mental como derecho de ni\u00f1as, ni\u00f1os y adolescentes v\u00edctimas de explotaci\u00f3n sexual<\/a><\/h4>\n<div class=\"pt-cv-content\"> ...<br \/><div class=\"pt-cv-rmwrap\"><a href=\"https:\/\/www.annaobserva.org\/en\/salud-mental-como-derecho-de-ninas-ninos-y-adolescentes-victimas-de-explotacion-sexual\/\" class=\"_self pt-cv-readmore btn btn-success\" target=\"_self\">ver m\u00e1s<\/a><\/div><\/div>\n<div class=\"pt-cv-meta-fields\"><span class=\"entry-date\"> <time datetime=\"2025-09-17T17:09:58+00:00\">17 September, 2025<\/time><\/span><\/div><\/div><\/div>\n<div class=\"col-md-3 col-sm-6 col-xs-12 pt-cv-content-item pt-cv-1-col\" ><div class='pt-cv-ifield'><a href=\"https:\/\/www.annaobserva.org\/en\/estado-de-situacion-de-la-trata-de-personas-en-las-americas\/\" class=\"_self pt-cv-href-thumbnail pt-cv-thumb-default\" target=\"_self\" ><img loading=\"lazy\" decoding=\"async\" width=\"540\" height=\"540\" src=\"https:\/\/www.annaobserva.org\/wp-content\/uploads\/2025\/07\/Portada-Anna.jpg\" class=\"pt-cv-thumbnail\" alt=\"\" srcset=\"https:\/\/www.annaobserva.org\/wp-content\/uploads\/2025\/07\/Portada-Anna.jpg 540w, https:\/\/www.annaobserva.org\/wp-content\/uploads\/2025\/07\/Portada-Anna-300x300.jpg 300w, https:\/\/www.annaobserva.org\/wp-content\/uploads\/2025\/07\/Portada-Anna-150x150.jpg 150w\" sizes=\"auto, (max-width: 540px) 100vw, 540px\" \/><\/a>\n<h4 class=\"pt-cv-title\"><a href=\"https:\/\/www.annaobserva.org\/en\/estado-de-situacion-de-la-trata-de-personas-en-las-americas\/\" class=\"_self\" target=\"_self\" >Estado de situaci\u00f3n de la trata de personas en las Am\u00e9ricas<\/a><\/h4>\n<div class=\"pt-cv-content\"> ...<br \/><div class=\"pt-cv-rmwrap\"><a href=\"https:\/\/www.annaobserva.org\/en\/estado-de-situacion-de-la-trata-de-personas-en-las-americas\/\" class=\"_self pt-cv-readmore btn btn-success\" target=\"_self\">ver m\u00e1s<\/a><\/div><\/div>\n<div class=\"pt-cv-meta-fields\"><span class=\"entry-date\"> <time datetime=\"2025-07-24T18:43:30+00:00\">24 July, 2025<\/time><\/span><\/div><\/div><\/div>\n<div class=\"col-md-3 col-sm-6 col-xs-12 pt-cv-content-item pt-cv-1-col\" ><div class='pt-cv-ifield'><a href=\"https:\/\/www.annaobserva.org\/en\/la-terminologia-importa-segunda-edicion-de-las-directrices-terminologicas\/\" class=\"_self pt-cv-href-thumbnail pt-cv-thumb-default\" target=\"_self\" ><img loading=\"lazy\" decoding=\"async\" width=\"828\" height=\"1036\" src=\"https:\/\/www.annaobserva.org\/wp-content\/uploads\/2025\/04\/IMG-20250404-WA0048.jpg\" class=\"pt-cv-thumbnail\" alt=\"\" srcset=\"https:\/\/www.annaobserva.org\/wp-content\/uploads\/2025\/04\/IMG-20250404-WA0048.jpg 828w, https:\/\/www.annaobserva.org\/wp-content\/uploads\/2025\/04\/IMG-20250404-WA0048-240x300.jpg 240w, https:\/\/www.annaobserva.org\/wp-content\/uploads\/2025\/04\/IMG-20250404-WA0048-818x1024.jpg 818w, https:\/\/www.annaobserva.org\/wp-content\/uploads\/2025\/04\/IMG-20250404-WA0048-768x961.jpg 768w\" sizes=\"auto, (max-width: 828px) 100vw, 828px\" \/><\/a>\n<h4 class=\"pt-cv-title\"><a href=\"https:\/\/www.annaobserva.org\/en\/la-terminologia-importa-segunda-edicion-de-las-directrices-terminologicas\/\" class=\"_self\" target=\"_self\" >Terminology Matters: Second Edition of the Terminology Guidelines<\/a><\/h4>\n<div class=\"pt-cv-content\">Developed by a global Interagency Working Group, these ...<br \/><div class=\"pt-cv-rmwrap\"><a href=\"https:\/\/www.annaobserva.org\/en\/la-terminologia-importa-segunda-edicion-de-las-directrices-terminologicas\/\" class=\"_self pt-cv-readmore btn btn-success\" target=\"_self\">ver m\u00e1s<\/a><\/div><\/div>\n<div class=\"pt-cv-meta-fields\"><span class=\"entry-date\"> <time datetime=\"2025-04-04T15:14:07+00:00\">4 April, 2025<\/time><\/span><\/div><\/div><\/div>\n<div class=\"col-md-3 col-sm-6 col-xs-12 pt-cv-content-item pt-cv-1-col\" ><div class='pt-cv-ifield'><a href=\"https:\/\/www.annaobserva.org\/en\/addressing-sexual-exploitation-of-children-in-the-region-report-to-the-secretary-general-of-the-oas-2024\/\" class=\"_self pt-cv-href-thumbnail pt-cv-thumb-default\" target=\"_self\" ><img loading=\"lazy\" decoding=\"async\" width=\"1080\" height=\"1080\" src=\"https:\/\/www.annaobserva.org\/wp-content\/uploads\/2024\/12\/Portada-Observatorio-ENG.jpg\" class=\"pt-cv-thumbnail\" alt=\"\" srcset=\"https:\/\/www.annaobserva.org\/wp-content\/uploads\/2024\/12\/Portada-Observatorio-ENG.jpg 1080w, https:\/\/www.annaobserva.org\/wp-content\/uploads\/2024\/12\/Portada-Observatorio-ENG-300x300.jpg 300w, https:\/\/www.annaobserva.org\/wp-content\/uploads\/2024\/12\/Portada-Observatorio-ENG-1024x1024.jpg 1024w, https:\/\/www.annaobserva.org\/wp-content\/uploads\/2024\/12\/Portada-Observatorio-ENG-150x150.jpg 150w, https:\/\/www.annaobserva.org\/wp-content\/uploads\/2024\/12\/Portada-Observatorio-ENG-768x768.jpg 768w\" sizes=\"auto, (max-width: 1080px) 100vw, 1080px\" \/><\/a>\n<h4 class=\"pt-cv-title\"><a href=\"https:\/\/www.annaobserva.org\/en\/addressing-sexual-exploitation-of-children-in-the-region-report-to-the-secretary-general-of-the-oas-2024\/\" class=\"_self\" target=\"_self\" >Addressing Sexual Exploitation of Children in the Region. Report to the Secretary General of the OAS 2024<\/a><\/h4>\n<div class=\"pt-cv-content\">In fulfilment of the mandate of the General ...<br \/><div class=\"pt-cv-rmwrap\"><a href=\"https:\/\/www.annaobserva.org\/en\/addressing-sexual-exploitation-of-children-in-the-region-report-to-the-secretary-general-of-the-oas-2024\/\" class=\"_self pt-cv-readmore btn btn-success\" target=\"_self\">ver m\u00e1s<\/a><\/div><\/div>\n<div class=\"pt-cv-meta-fields\"><span class=\"entry-date\"> <time datetime=\"2025-02-18T15:41:45+00:00\">18 February, 2025<\/time><\/span><\/div><\/div><\/div><\/div><\/div><\/div><\/div>\n<div class=\"container paddaj interespad\">\n<h3>Information of Interest<\/h3>\n<div class=\"col-md-15 infos\"><a href=\"https:\/\/oas.org\/en\/\" target=\"_blank\" rel=\"noopener noreferrer\"><img decoding=\"async\" class=\"logo-oea\" src=\"http:\/\/annaobserva.org\/wp-content\/uploads\/2026\/03\/oea-eng-2025.png\" \/><\/a><\/div>\n<div class=\"col-md-15 infos\"><a href=\"https:\/\/iin.oea.org\/en\" target=\"_blank\" rel=\"noopener noreferrer\"><img decoding=\"async\" class=\"logo-iin\" src=\"http:\/\/annaobserva.org\/wp-content\/uploads\/2026\/03\/logo-iin-iingles.png\" \/><\/a><\/div>\n<div class=\"col-md-15 infos d-none\"><a href=\"https:\/\/iin.oea.org\/badaj\/\" target=\"_blank\" rel=\"noopener noreferrer\"><img decoding=\"async\" class=\"logo-badaj\" src=\"http:\/\/annaobserva.org\/wp-content\/uploads\/2016\/09\/badaj.png\" \/><\/a><\/div>\n<div class=\"col-md-15 infos d-none\"><a href=\"https:\/\/iin.oea.org\/participacion.html\" target=\"_blank\" rel=\"noopener noreferrer\"><img decoding=\"async\" class=\"logo-nuestra\" src=\"http:\/\/annaobserva.org\/wp-content\/uploads\/2017\/09\/logonuestra.png\" \/><\/a><\/div>\n<div class=\"col-md-15 infos d-none\"><a href=\"https:\/\/iin.oea.org\/sinna\" target=\"_blank\" rel=\"noopener noreferrer\"><img decoding=\"async\" class=\"logo-sinna\" src=\"http:\/\/annaobserva.org\/wp-content\/uploads\/2018\/09\/Logo_SINNA_Final..png\" \/><\/a><\/div>\n<\/p><\/div>\n<p>\t<\/p>","protected":false},"excerpt":{"rendered":"<p>We hope that ANNAObserva can be a meeting place of a community interested in promoting the comprehensive protection of children and adolescents against sexual exploitation, smuggling and trafficking, with a human rights approach. Inter-American Cooperation Programme for the Prevention and Eradication of Sexual Exploitation, Smuggling of and Trafficking in Children. ANNAObserva is the website for<a class=\"moretag\" href=\"https:\/\/www.annaobserva.org\/en\/\"><span class=\"screen-reader-text\">Read more about INICIO<\/span>[&#8230;]<\/a><\/p>\n","protected":false},"author":4,"featured_media":0,"parent":0,"menu_order":0,"comment_status":"closed","ping_status":"closed","template":"template-fullwidth.php","meta":{"footnotes":""},"class_list":["post-25","page","type-page","status-publish","hentry"],"_links":{"self":[{"href":"https:\/\/www.annaobserva.org\/en\/wp-json\/wp\/v2\/pages\/25","targetHints":{"allow":["GET"]}}],"collection":[{"href":"https:\/\/www.annaobserva.org\/en\/wp-json\/wp\/v2\/pages"}],"about":[{"href":"https:\/\/www.annaobserva.org\/en\/wp-json\/wp\/v2\/types\/page"}],"author":[{"embeddable":true,"href":"https:\/\/www.annaobserva.org\/en\/wp-json\/wp\/v2\/users\/4"}],"replies":[{"embeddable":true,"href":"https:\/\/www.annaobserva.org\/en\/wp-json\/wp\/v2\/comments?post=25"}],"version-history":[{"count":5,"href":"https:\/\/www.annaobserva.org\/en\/wp-json\/wp\/v2\/pages\/25\/revisions"}],"predecessor-version":[{"id":1244,"href":"https:\/\/www.annaobserva.org\/en\/wp-json\/wp\/v2\/pages\/25\/revisions\/1244"}],"wp:attachment":[{"href":"https:\/\/www.annaobserva.org\/en\/wp-json\/wp\/v2\/media?parent=25"}],"curies":[{"name":"wp","href":"https:\/\/api.w.org\/{rel}","templated":true}]}}