{"id":12,"date":"2016-09-12T02:22:08","date_gmt":"2016-09-12T02:22:08","guid":{"rendered":"http:\/\/www.annaobserva.org\/?page_id=12"},"modified":"2020-06-19T05:44:05","modified_gmt":"2020-06-19T05:44:05","slug":"eventos-y-actividades","status":"publish","type":"page","link":"https:\/\/www.annaobserva.org\/es\/eventos-y-actividades\/","title":{"rendered":"Actividades y Eventos"},"content":{"rendered":"<p><\/p>\n<h2>Actividades y Eventos<\/h2>\n<p><div class=\"pt-cv-wrapper\"><div class=\"pt-cv-view pt-cv-grid pt-cv-colsys\" id=\"pt-cv-view-ee698c53pd\"><div data-id=\"pt-cv-page-1\" class=\"pt-cv-page\" data-cvc=\"2\"><div class=\"col-md-6 col-sm-6 col-xs-12 pt-cv-content-item pt-cv-1-col\" ><div class='pt-cv-ifield'><a href=\"https:\/\/www.annaobserva.org\/es\/iin-participa-de-jornada-de-sensibilizacion-y-formacion-sobre-esnna-para-personal-de-atencion-directa-del-programa-montevideo-de-aldeas-infantiles-uruguay\/\" class=\"_self pt-cv-href-thumbnail pt-cv-thumb-default\" target=\"_self\" ><img loading=\"lazy\" decoding=\"async\" width=\"1600\" height=\"1200\" src=\"https:\/\/www.annaobserva.org\/wp-content\/uploads\/2023\/12\/IMG-20231201-WA0043.jpg\" class=\"pt-cv-thumbnail\" alt=\"\" srcset=\"https:\/\/www.annaobserva.org\/wp-content\/uploads\/2023\/12\/IMG-20231201-WA0043.jpg 1600w, https:\/\/www.annaobserva.org\/wp-content\/uploads\/2023\/12\/IMG-20231201-WA0043-300x225.jpg 300w, https:\/\/www.annaobserva.org\/wp-content\/uploads\/2023\/12\/IMG-20231201-WA0043-1024x768.jpg 1024w, https:\/\/www.annaobserva.org\/wp-content\/uploads\/2023\/12\/IMG-20231201-WA0043-768x576.jpg 768w, https:\/\/www.annaobserva.org\/wp-content\/uploads\/2023\/12\/IMG-20231201-WA0043-1536x1152.jpg 1536w\" sizes=\"auto, (max-width: 1600px) 100vw, 1600px\" \/><\/a>\n<h4 class=\"pt-cv-title\"><a href=\"https:\/\/www.annaobserva.org\/es\/iin-participa-de-jornada-de-sensibilizacion-y-formacion-sobre-esnna-para-personal-de-atencion-directa-del-programa-montevideo-de-aldeas-infantiles-uruguay\/\" class=\"_self\" target=\"_self\" >IIN participa de jornada de sensibilizaci\u00f3n y formaci\u00f3n sobre ESNNA para personal de atenci\u00f3n directa del Programa Montevideo de Aldeas Infantiles Uruguay<\/a><\/h4>\n<div class=\"pt-cv-content\">El viernes 1 de diciembre se llev\u00f3 a cabo en la sede del Programa Montevideo de Aldeas Infantiles Uruguay una ...<br \/><div class=\"pt-cv-rmwrap\"><a href=\"https:\/\/www.annaobserva.org\/es\/iin-participa-de-jornada-de-sensibilizacion-y-formacion-sobre-esnna-para-personal-de-atencion-directa-del-programa-montevideo-de-aldeas-infantiles-uruguay\/\" class=\"_self pt-cv-readmore btn btn-success\" target=\"_self\">Leer M\u00e1s<\/a><\/div><\/div>\n<div class=\"pt-cv-meta-fields\"><span class=\"entry-date\"> <time datetime=\"2023-12-08T16:14:07+00:00\">8 diciembre, 2023<\/time><\/span><\/div><\/div><\/div>\n<div class=\"col-md-6 col-sm-6 col-xs-12 pt-cv-content-item pt-cv-1-col\" ><div class='pt-cv-ifield'><a href=\"https:\/\/www.annaobserva.org\/es\/iin-participa-de-la-xvi-reunion-anual-del-grupo-de-accion-regional-de-las-americas-para-la-prevencion-de-la-explotacion-sexual-de-ninas-ninos-y-adolescentes-en-vajes-y-turismo\/\" class=\"_self pt-cv-href-thumbnail pt-cv-thumb-default\" target=\"_self\" ><img loading=\"lazy\" decoding=\"async\" width=\"360\" height=\"400\" src=\"https:\/\/www.annaobserva.org\/wp-content\/uploads\/2023\/11\/IMG-20231123-WA0021.jpg\" class=\"pt-cv-thumbnail\" alt=\"\" srcset=\"https:\/\/www.annaobserva.org\/wp-content\/uploads\/2023\/11\/IMG-20231123-WA0021.jpg 360w, https:\/\/www.annaobserva.org\/wp-content\/uploads\/2023\/11\/IMG-20231123-WA0021-270x300.jpg 270w\" sizes=\"auto, (max-width: 360px) 100vw, 360px\" \/><\/a>\n<h4 class=\"pt-cv-title\"><a href=\"https:\/\/www.annaobserva.org\/es\/iin-participa-de-la-xvi-reunion-anual-del-grupo-de-accion-regional-de-las-americas-para-la-prevencion-de-la-explotacion-sexual-de-ninas-ninos-y-adolescentes-en-vajes-y-turismo\/\" class=\"_self\" target=\"_self\" >IIN participa de la XVI Reuni\u00f3n Anual del Grupo de Acci\u00f3n Regional de las Am\u00e9ricas para la prevenci\u00f3n de la explotaci\u00f3n sexual de ni\u00f1as, ni\u00f1os y adolescentes en viajes y turismo<\/a><\/h4>\n<div class=\"pt-cv-content\">El pasado mi\u00e9rcoles 15 de noviembre, en Asunci\u00f3n-Paraguay, tuvo lugar la XVI Reuni\u00f3n Anual Presencial del Grupo de Acci\u00f3n Regional ...<br \/><div class=\"pt-cv-rmwrap\"><a href=\"https:\/\/www.annaobserva.org\/es\/iin-participa-de-la-xvi-reunion-anual-del-grupo-de-accion-regional-de-las-americas-para-la-prevencion-de-la-explotacion-sexual-de-ninas-ninos-y-adolescentes-en-vajes-y-turismo\/\" class=\"_self pt-cv-readmore btn btn-success\" target=\"_self\">Leer M\u00e1s<\/a><\/div><\/div>\n<div class=\"pt-cv-meta-fields\"><span class=\"entry-date\"> <time datetime=\"2023-11-23T17:56:37+00:00\">23 noviembre, 2023<\/time><\/span><\/div><\/div><\/div>\n<div class=\"col-md-6 col-sm-6 col-xs-12 pt-cv-content-item pt-cv-1-col\" ><div class='pt-cv-ifield'><a href=\"https:\/\/www.annaobserva.org\/es\/presentacion-virtual-protocolo-de-actuacion-en-aeropuertos-ante-alertas-de-situaciones-de-trata-de-personas\/\" class=\"_self pt-cv-href-thumbnail pt-cv-thumb-default\" target=\"_self\" ><img loading=\"lazy\" decoding=\"async\" width=\"526\" height=\"526\" src=\"https:\/\/www.annaobserva.org\/wp-content\/uploads\/2023\/10\/Presentacion-Protocolo-en-Aeropuertos.jpg\" class=\"pt-cv-thumbnail\" alt=\"\" srcset=\"https:\/\/www.annaobserva.org\/wp-content\/uploads\/2023\/10\/Presentacion-Protocolo-en-Aeropuertos.jpg 526w, https:\/\/www.annaobserva.org\/wp-content\/uploads\/2023\/10\/Presentacion-Protocolo-en-Aeropuertos-300x300.jpg 300w, https:\/\/www.annaobserva.org\/wp-content\/uploads\/2023\/10\/Presentacion-Protocolo-en-Aeropuertos-150x150.jpg 150w\" sizes=\"auto, (max-width: 526px) 100vw, 526px\" \/><\/a>\n<h4 class=\"pt-cv-title\"><a href=\"https:\/\/www.annaobserva.org\/es\/presentacion-virtual-protocolo-de-actuacion-en-aeropuertos-ante-alertas-de-situaciones-de-trata-de-personas\/\" class=\"_self\" target=\"_self\" >Presentaci\u00f3n virtual: Protocolo de Actuaci\u00f3n en Aeropuertos ante alertas de situaciones de trata de personas<\/a><\/h4>\n<div class=\"pt-cv-content\">En el marco del D\u00eda Internacional Contra la Trata y Explotaci\u00f3n de Personas, el GRUPO DE ACCI\u00d3N REGIONAL DE LAS ...<br \/><div class=\"pt-cv-rmwrap\"><a href=\"https:\/\/www.annaobserva.org\/es\/presentacion-virtual-protocolo-de-actuacion-en-aeropuertos-ante-alertas-de-situaciones-de-trata-de-personas\/\" class=\"_self pt-cv-readmore btn btn-success\" target=\"_self\">Leer M\u00e1s<\/a><\/div><\/div>\n<div class=\"pt-cv-meta-fields\"><span class=\"entry-date\"> <time datetime=\"2023-10-04T20:13:55+00:00\">4 octubre, 2023<\/time><\/span><\/div><\/div><\/div>\n<div class=\"col-md-6 col-sm-6 col-xs-12 pt-cv-content-item pt-cv-1-col\" ><div class='pt-cv-ifield'><a href=\"https:\/\/www.annaobserva.org\/es\/visita-al-iin-de-la-relatora-especial-sobre-la-venta-y-la-explotacion-sexual-de-ninos\/\" class=\"_self pt-cv-href-thumbnail pt-cv-thumb-default\" target=\"_self\" ><img loading=\"lazy\" decoding=\"async\" width=\"540\" height=\"540\" src=\"https:\/\/www.annaobserva.org\/wp-content\/uploads\/2023\/05\/VISITA-AL-IIN.jpg\" class=\"pt-cv-thumbnail\" alt=\"\" srcset=\"https:\/\/www.annaobserva.org\/wp-content\/uploads\/2023\/05\/VISITA-AL-IIN.jpg 540w, https:\/\/www.annaobserva.org\/wp-content\/uploads\/2023\/05\/VISITA-AL-IIN-300x300.jpg 300w, https:\/\/www.annaobserva.org\/wp-content\/uploads\/2023\/05\/VISITA-AL-IIN-150x150.jpg 150w\" sizes=\"auto, (max-width: 540px) 100vw, 540px\" \/><\/a>\n<h4 class=\"pt-cv-title\"><a href=\"https:\/\/www.annaobserva.org\/es\/visita-al-iin-de-la-relatora-especial-sobre-la-venta-y-la-explotacion-sexual-de-ninos\/\" class=\"_self\" target=\"_self\" >Visita al IIN de la relatora especial sobre la Venta y la Explotaci\u00f3n Sexual de Ni\u00f1os<\/a><\/h4>\n<div class=\"pt-cv-content\">Relatora Especial El t\u00edtulo de Relator Especial es otorgado a personas que trabajan en representaci\u00f3n de las Naciones Unidas (ONU) ...<br \/><div class=\"pt-cv-rmwrap\"><a href=\"https:\/\/www.annaobserva.org\/es\/visita-al-iin-de-la-relatora-especial-sobre-la-venta-y-la-explotacion-sexual-de-ninos\/\" class=\"_self pt-cv-readmore btn btn-success\" target=\"_self\">Leer M\u00e1s<\/a><\/div><\/div>\n<div class=\"pt-cv-meta-fields\"><span class=\"entry-date\"> <time datetime=\"2023-05-19T12:20:16+00:00\">19 mayo, 2023<\/time><\/span><\/div><\/div><\/div>\n<div class=\"col-md-6 col-sm-6 col-xs-12 pt-cv-content-item pt-cv-1-col\" ><div class='pt-cv-ifield'><a href=\"https:\/\/www.annaobserva.org\/es\/gara-presenta-modelo-de-protocolo-de-actuacion-para-guias-de-turismo\/\" class=\"_self pt-cv-href-thumbnail pt-cv-thumb-default\" target=\"_self\" ><img loading=\"lazy\" decoding=\"async\" width=\"540\" height=\"540\" src=\"https:\/\/www.annaobserva.org\/wp-content\/uploads\/2022\/05\/GARA.png\" class=\"pt-cv-thumbnail\" alt=\"\" srcset=\"https:\/\/www.annaobserva.org\/wp-content\/uploads\/2022\/05\/GARA.png 540w, https:\/\/www.annaobserva.org\/wp-content\/uploads\/2022\/05\/GARA-300x300.png 300w, https:\/\/www.annaobserva.org\/wp-content\/uploads\/2022\/05\/GARA-150x150.png 150w\" sizes=\"auto, (max-width: 540px) 100vw, 540px\" \/><\/a>\n<h4 class=\"pt-cv-title\"><a href=\"https:\/\/www.annaobserva.org\/es\/gara-presenta-modelo-de-protocolo-de-actuacion-para-guias-de-turismo\/\" class=\"_self\" target=\"_self\" >GARA presenta Modelo de Protocolo de Actuaci\u00f3n para Gu\u00edas de Turismo<\/a><\/h4>\n<div class=\"pt-cv-content\">El pasado 12 de mayo, el Grupo de Acci\u00f3n Regional de las Am\u00e9ricas para la prevenci\u00f3n de la explotaci\u00f3n sexual ...<br \/><div class=\"pt-cv-rmwrap\"><a href=\"https:\/\/www.annaobserva.org\/es\/gara-presenta-modelo-de-protocolo-de-actuacion-para-guias-de-turismo\/\" class=\"_self pt-cv-readmore btn btn-success\" target=\"_self\">Leer M\u00e1s<\/a><\/div><\/div>\n<div class=\"pt-cv-meta-fields\"><span class=\"entry-date\"> <time datetime=\"2022-05-25T15:36:35+00:00\">25 mayo, 2022<\/time><\/span><\/div><\/div><\/div>\n<div class=\"col-md-6 col-sm-6 col-xs-12 pt-cv-content-item pt-cv-1-col\" ><div class='pt-cv-ifield'><a href=\"https:\/\/www.annaobserva.org\/es\/presentacion-del-documento-los-codigos-de-conducta-para-la-proteccion-de-los-ninos-ninas-y-adolescentes-en-el-contexto-de-viajes-y-turismo\/\" class=\"_self pt-cv-href-thumbnail pt-cv-thumb-default\" target=\"_self\" ><img decoding=\"async\" src=\"https:\/\/www.annaobserva.org\/wp-content\/plugins\/content-views-query-and-display-post-page\/public\/assets\/images\/default_image.png\" class=\"pt-cv-thumbnail cv-default-img\" alt=\"Presentaci\u00f3n del documento: Los C\u00f3digos de Conducta para la protecci\u00f3n de los ni\u00f1os, ni\u00f1as y adolescentes en el contexto de viajes y turismo.\" title=\"\" \/><\/a>\n<h4 class=\"pt-cv-title\"><a href=\"https:\/\/www.annaobserva.org\/es\/presentacion-del-documento-los-codigos-de-conducta-para-la-proteccion-de-los-ninos-ninas-y-adolescentes-en-el-contexto-de-viajes-y-turismo\/\" class=\"_self\" target=\"_self\" >Presentaci\u00f3n del documento: Los C\u00f3digos de Conducta para la protecci\u00f3n de los ni\u00f1os, ni\u00f1as y adolescentes en el contexto de viajes y turismo.<\/a><\/h4>\n<div class=\"pt-cv-content\">El IIN-OEA, como Organismo Observador del Grupo de Acci\u00f3n Regional de las Am\u00e9ricas (GARA), invita a participar en la presentaci\u00f3n ...<br \/><div class=\"pt-cv-rmwrap\"><a href=\"https:\/\/www.annaobserva.org\/es\/presentacion-del-documento-los-codigos-de-conducta-para-la-proteccion-de-los-ninos-ninas-y-adolescentes-en-el-contexto-de-viajes-y-turismo\/\" class=\"_self pt-cv-readmore btn btn-success\" target=\"_self\">Leer M\u00e1s<\/a><\/div><\/div>\n<div class=\"pt-cv-meta-fields\"><span class=\"entry-date\"> <time datetime=\"2021-02-17T21:53:19+00:00\">17 febrero, 2021<\/time><\/span><\/div><\/div><\/div><\/div><\/div>\n<div class=\" pt-cv-pagination-wrapper\"><ul class=\"pt-cv-pagination pt-cv-ajax pagination\" data-totalpages=\"6\" data-currentpage=\"1\" data-sid=\"ee698c53pd\" data-unid=\"\" data-isblock=\"\" data-postid=\"\"><li class=\"active\"><a href=\"#\">1<\/a><\/li>\n\t<li ><a class=\"\" href=\"https:\/\/www.annaobserva.org\/es\/wp-json\/wp\/v2\/pages\/12\/?_page=2\">2<\/a><\/li>\n\t<li ><a class=\"\" href=\"https:\/\/www.annaobserva.org\/es\/wp-json\/wp\/v2\/pages\/12\/?_page=3\">3<\/a><\/li>\n\t<li ><a href=\"#\">&hellip;<\/a><\/li>\n\t<li ><a class=\"\" href=\"https:\/\/www.annaobserva.org\/es\/wp-json\/wp\/v2\/pages\/12\/?_page=6\">6<\/a><\/li>\n\t<li ><a class=\" \" href=\"https:\/\/www.annaobserva.org\/es\/wp-json\/wp\/v2\/pages\/12\/?_page=2\">&rsaquo;<\/a><\/li>\n\t<\/ul><img loading=\"lazy\" decoding=\"async\" width=\"15\" height=\"15\" class=\"pt-cv-spinner\" alt=\"Cargando...\" src=\"data:image\/gif;base64,R0lGODlhDwAPALMPAMrKygwMDJOTkz09PZWVla+vr3p6euTk5M7OzuXl5TMzMwAAAJmZmWZmZszMzP\/\/\/yH\/C05FVFNDQVBFMi4wAwEAAAAh+QQFCgAPACwAAAAADwAPAAAEQvDJaZaZOIcV8iQK8VRX4iTYoAwZ4iCYoAjZ4RxejhVNoT+mRGP4cyF4Pp0N98sBGIBMEMOotl6YZ3S61Bmbkm4mAgAh+QQFCgAPACwAAAAADQANAAAENPDJSRSZeA418itN8QiK8BiLITVsFiyBBIoYqnoewAD4xPw9iY4XLGYSjkQR4UAUD45DLwIAIfkEBQoADwAsAAAAAA8ACQAABC\/wyVlamTi3nSdgwFNdhEJgTJoNyoB9ISYoQmdjiZPcj7EYCAeCF1gEDo4Dz2eIAAAh+QQFCgAPACwCAAAADQANAAAEM\/DJBxiYeLKdX3IJZT1FU0iIg2RNKx3OkZVnZ98ToRD4MyiDnkAh6BkNC0MvsAj0kMpHBAAh+QQFCgAPACwGAAAACQAPAAAEMDC59KpFDll73HkAA2wVY5KgiK5b0RRoI6MuzG6EQqCDMlSGheEhUAgqgUUAFRySIgAh+QQFCgAPACwCAAIADQANAAAEM\/DJKZNLND\/kkKaHc3xk+QAMYDKsiaqmZCxGVjSFFCxB1vwy2oOgIDxuucxAMTAJFAJNBAAh+QQFCgAPACwAAAYADwAJAAAEMNAs86q1yaWwwv2Ig0jUZx3OYa4XoRAfwADXoAwfo1+CIjyFRuEho60aSNYlOPxEAAAh+QQFCgAPACwAAAIADQANAAAENPA9s4y8+IUVcqaWJ4qEQozSoAzoIyhCK2NFU2SJk0hNnyEOhKR2AzAAj4Pj4GE4W0bkJQIAOw==\" \/><div class=\"clear pt-cv-clear-pagination\"><\/div><\/div><\/div><br \/>\n<\/p>","protected":false},"excerpt":{"rendered":"<p>Actividades y Eventos<\/p>\n","protected":false},"author":4,"featured_media":0,"parent":0,"menu_order":0,"comment_status":"closed","ping_status":"closed","template":"","meta":{"footnotes":""},"class_list":["post-12","page","type-page","status-publish","hentry"],"_links":{"self":[{"href":"https:\/\/www.annaobserva.org\/es\/wp-json\/wp\/v2\/pages\/12","targetHints":{"allow":["GET"]}}],"collection":[{"href":"https:\/\/www.annaobserva.org\/es\/wp-json\/wp\/v2\/pages"}],"about":[{"href":"https:\/\/www.annaobserva.org\/es\/wp-json\/wp\/v2\/types\/page"}],"author":[{"embeddable":true,"href":"https:\/\/www.annaobserva.org\/es\/wp-json\/wp\/v2\/users\/4"}],"replies":[{"embeddable":true,"href":"https:\/\/www.annaobserva.org\/es\/wp-json\/wp\/v2\/comments?post=12"}],"version-history":[{"count":0,"href":"https:\/\/www.annaobserva.org\/es\/wp-json\/wp\/v2\/pages\/12\/revisions"}],"wp:attachment":[{"href":"https:\/\/www.annaobserva.org\/es\/wp-json\/wp\/v2\/media?parent=12"}],"curies":[{"name":"wp","href":"https:\/\/api.w.org\/{rel}","templated":true}]}}