{"id":25,"date":"2016-09-12T02:32:15","date_gmt":"2016-09-12T02:32:15","guid":{"rendered":"http:\/\/www.annaobserva.org\/?page_id=25"},"modified":"2026-03-15T22:47:29","modified_gmt":"2026-03-15T22:47:29","slug":"inicio","status":"publish","type":"page","link":"https:\/\/www.annaobserva.org\/es\/","title":{"rendered":"INICIO"},"content":{"rendered":"<p><\/p>\n<div class=\"container-fluid back-welcome paddaj\">\n\t<img decoding=\"async\" class=\"w-100\" src=\"wp-content\/themes\/llorix-one-lite\/images\/back-2023.png\">\n<\/div>\n<div class=\"container paddaj pt-30\">\n<div class=\"col-md-12\">\n<h1>Nuestro deseo es que <b>ANNAObserva<\/b> sea el punto de encuentro de una comunidad interesada en promover la protecci\u00f3n integral de ni\u00f1as, ni\u00f1os y adolescentes frente a la explotaci\u00f3n sexual, tr\u00e1fico y trata, desde un enfoque de derechos humanos.<\/h1>\n<\/p><\/div>\n<\/div>\n<div class=\"container pad30-0\">\n<div class=\"col-md-12\">\n<h2 class=\"text-yellow\">Programa de Cooperaci\u00f3n Interamericano para la Prevenci\u00f3n y Erradicaci\u00f3n de la Explotaci\u00f3n Sexual, Tr\u00e1fico y Trata de Ni\u00f1os, Ni\u00f1as y Adolescentes.<\/h2>\n<p>ANNAObserva es el sitio web del Programa de Cooperaci\u00f3n Interamericano para la Prevenci\u00f3n y Erradicaci\u00f3n de la Explotaci\u00f3n Sexual, Tr\u00e1fico y Trata de Ni\u00f1os, Ni\u00f1as y Adolescentes, del Instituto Interamericano del Ni\u00f1o, la Ni\u00f1a y Adolescentes (IIN-OEA).<\/p>\n<p>El Programa Interamericano fue creado por el Consejo Directivo del IIN en el a\u00f1o 2007 <a href=\"http:\/\/www.annaobserva.org\/wp-content\/uploads\/2016\/09\/CD-RES-10-_82-R-07_.pdf\" target=\"_blank\" rel=\"noopener noreferrer\">(CD\/RES.10 (82-R\/07))<\/a> y ratificado por la Asamblea General de la OEA al a\u00f1o siguiente <a href=\"http:\/\/www.annaobserva.org\/wp-content\/uploads\/2016\/09\/AG-RES-2432-3jun08.pdf\" target=\"_blank\" rel=\"noopener noreferrer\">(AG\/RES. 2432 (XXXVIII-O\/08)).<\/a> Por Resoluci\u00f3n <b>(CD\/RES 04 (87- R\/12))<\/b> fue renombrado como se lo conoce en la actualidad.<\/p>\n<p>El Programa Interamericano se organiza en 3 \u00e1reas de trabajo:<\/p>\n<p>\u2022 Recopilaci\u00f3n, sistematizaci\u00f3n y difusi\u00f3n de informaci\u00f3n significativa acerca de la explotaci\u00f3n sexual, tr\u00e1fico y trata de ni\u00f1as, ni\u00f1os y adolescentes, con especial \u00e9nfasis en lo producido en la regi\u00f3n.<\/p>\n<p>\u2022 Producci\u00f3n de conocimientos e instrumentos para el abordaje de la explotaci\u00f3n sexual, tr\u00e1fico y trata de ni\u00f1as, ni\u00f1os y adolescentes.<\/p>\n<p>\u2022 Asistencia t\u00e9cnica y formaci\u00f3n de recursos humanos.<\/p>\n<\/p><\/div>\n<\/p><\/div>\n<div class=\"container-fluid paddaj back-gris\">\n<div class=\"container paddaj white-text bloques3\">\n\t<a class=\"bigbuttons\" href=\"https:\/\/www.annaobserva.org\/observatorio\/\" rel=\"noopener\"><\/p>\n<div class=\"col-md-3\">\n<div class=\"col-md-12 a-amarillo custom-size\">\n<h3 class=\"text-center\"><i class=\"fa fa-eye\" aria-hidden=\"true\"><\/i>Observatorio<\/h3>\n<p class=\"text-center\">Incluye documentos e informaci\u00f3n de los Estados del Sistema Interamericano en relaci\u00f3n a: Legislaci\u00f3n; Pol\u00edticas P\u00fablicas; Espacios de Coordinaci\u00f3n; Iniciativas de la Sociedad Civil; Datos Estad\u00edsticos; Otros documentos.<\/div>\n<\/div>\n<p><\/a><a class=\"bigbuttons\" href=\"\/formacion-de-rr-hh\/\" rel=\"noopener\"><\/p>\n<div class=\"col-md-3\">\n<div class=\"col-md-12 a-red custom-size\">\n<h3 class=\"text-center\"><i class=\"fa fa-users\" aria-hidden=\"true\"><\/i>Formaci\u00f3n de RRHH<\/h3>\n<p class=\"text-center\">Podr\u00e1n acceder a toda la informaci\u00f3n relativa al curso semi-presencial sobre Explotaci\u00f3n Sexual de Ni\u00f1as, Ni\u00f1os y Adolescentes, que se realiza anualmente en co-responsabilidad con los Estados.<\/p>\n<\/div>\n<\/div>\n<p><\/a><a class=\"bigbuttons\" href=\"\/publicaciones\/\" rel=\"noopener\"><\/p>\n<div class=\"col-md-3\">\n<div class=\"col-md-12 a-verde custom-size\">\n<h3 class=\"text-center\"><i class=\"fa fa-pencil-square-o\" aria-hidden=\"true\"><\/i>Publicaciones<\/h3>\n<p class=\"text-center\">Se difundir\u00e1n los documentos y herramientas producidos en el marco del Programa.<\/p>\n<\/div>\n<\/div>\n<p><\/a><a class=\"bigbuttons\" href=\"\/eventos-y-actividades\/\" rel=\"noopener\"><\/p>\n<div class=\"col-md-3\">\n<div class=\"col-md-12 a-azul custom-size\">\n<h3 class=\"text-center\"><i class=\"fa fa-calendar\" aria-hidden=\"true\"><\/i>Actividades y Eventos<\/h3>\n<p class=\"text-center\">Se comunicar\u00e1n las acciones de incidencia y asesoramiento t\u00e9cnico desarrolladas desde el Programa.<\/p>\n<\/div>\n<\/div>\n<p><\/a>\n\t<\/div>\n<\/p><\/div>\n<div class=\"container paddaj pad30-0\">\n<h3>\u00daltimos Contenidos<\/h3>\n<div class=\"pt-cv-wrapper\"><div class=\"pt-cv-view pt-cv-grid pt-cv-colsys\" id=\"pt-cv-view-8bfba7czh5\"><div data-id=\"pt-cv-page-1\" class=\"pt-cv-page\" data-cvc=\"4\"><div class=\"col-md-3 col-sm-6 col-xs-12 pt-cv-content-item pt-cv-1-col\" ><div class='pt-cv-ifield'><a href=\"https:\/\/www.annaobserva.org\/es\/salud-mental-como-derecho-de-ninas-ninos-y-adolescentes-victimas-de-explotacion-sexual\/\" class=\"_self pt-cv-href-thumbnail pt-cv-thumb-default\" target=\"_self\" ><img loading=\"lazy\" decoding=\"async\" width=\"540\" height=\"540\" src=\"https:\/\/www.annaobserva.org\/wp-content\/uploads\/2025\/09\/Portada-Anna_Nota-23-de-setiembre.jpg\" class=\"pt-cv-thumbnail\" alt=\"\" srcset=\"https:\/\/www.annaobserva.org\/wp-content\/uploads\/2025\/09\/Portada-Anna_Nota-23-de-setiembre.jpg 540w, https:\/\/www.annaobserva.org\/wp-content\/uploads\/2025\/09\/Portada-Anna_Nota-23-de-setiembre-300x300.jpg 300w, https:\/\/www.annaobserva.org\/wp-content\/uploads\/2025\/09\/Portada-Anna_Nota-23-de-setiembre-150x150.jpg 150w\" sizes=\"auto, (max-width: 540px) 100vw, 540px\" \/><\/a>\n<h4 class=\"pt-cv-title\"><a href=\"https:\/\/www.annaobserva.org\/es\/salud-mental-como-derecho-de-ninas-ninos-y-adolescentes-victimas-de-explotacion-sexual\/\" class=\"_self\" target=\"_self\" >Salud mental como derecho de ni\u00f1as, ni\u00f1os y adolescentes v\u00edctimas de explotaci\u00f3n sexual<\/a><\/h4>\n<div class=\"pt-cv-content\">En el marco del 23 de septiembre, Dia ...<br \/><div class=\"pt-cv-rmwrap\"><a href=\"https:\/\/www.annaobserva.org\/es\/salud-mental-como-derecho-de-ninas-ninos-y-adolescentes-victimas-de-explotacion-sexual\/\" class=\"_self pt-cv-readmore btn btn-success\" target=\"_self\">ver m\u00e1s<\/a><\/div><\/div>\n<div class=\"pt-cv-meta-fields\"><span class=\"entry-date\"> <time datetime=\"2025-09-17T17:09:58+00:00\">17 septiembre, 2025<\/time><\/span><\/div><\/div><\/div>\n<div class=\"col-md-3 col-sm-6 col-xs-12 pt-cv-content-item pt-cv-1-col\" ><div class='pt-cv-ifield'><a href=\"https:\/\/www.annaobserva.org\/es\/estado-de-situacion-de-la-trata-de-personas-en-las-americas\/\" class=\"_self pt-cv-href-thumbnail pt-cv-thumb-default\" target=\"_self\" ><img loading=\"lazy\" decoding=\"async\" width=\"540\" height=\"540\" src=\"https:\/\/www.annaobserva.org\/wp-content\/uploads\/2025\/07\/Portada-Anna.jpg\" class=\"pt-cv-thumbnail\" alt=\"\" srcset=\"https:\/\/www.annaobserva.org\/wp-content\/uploads\/2025\/07\/Portada-Anna.jpg 540w, https:\/\/www.annaobserva.org\/wp-content\/uploads\/2025\/07\/Portada-Anna-300x300.jpg 300w, https:\/\/www.annaobserva.org\/wp-content\/uploads\/2025\/07\/Portada-Anna-150x150.jpg 150w\" sizes=\"auto, (max-width: 540px) 100vw, 540px\" \/><\/a>\n<h4 class=\"pt-cv-title\"><a href=\"https:\/\/www.annaobserva.org\/es\/estado-de-situacion-de-la-trata-de-personas-en-las-americas\/\" class=\"_self\" target=\"_self\" >Estado de situaci\u00f3n de la trata de personas en las Am\u00e9ricas<\/a><\/h4>\n<div class=\"pt-cv-content\">En el marco del 30 de julio, Dia ...<br \/><div class=\"pt-cv-rmwrap\"><a href=\"https:\/\/www.annaobserva.org\/es\/estado-de-situacion-de-la-trata-de-personas-en-las-americas\/\" class=\"_self pt-cv-readmore btn btn-success\" target=\"_self\">ver m\u00e1s<\/a><\/div><\/div>\n<div class=\"pt-cv-meta-fields\"><span class=\"entry-date\"> <time datetime=\"2025-07-24T18:43:30+00:00\">24 julio, 2025<\/time><\/span><\/div><\/div><\/div>\n<div class=\"col-md-3 col-sm-6 col-xs-12 pt-cv-content-item pt-cv-1-col\" ><div class='pt-cv-ifield'><a href=\"https:\/\/www.annaobserva.org\/es\/la-terminologia-importa-segunda-edicion-de-las-directrices-terminologicas\/\" class=\"_self pt-cv-href-thumbnail pt-cv-thumb-default\" target=\"_self\" ><img loading=\"lazy\" decoding=\"async\" width=\"828\" height=\"1036\" src=\"https:\/\/www.annaobserva.org\/wp-content\/uploads\/2025\/04\/IMG-20250404-WA0048.jpg\" class=\"pt-cv-thumbnail\" alt=\"\" srcset=\"https:\/\/www.annaobserva.org\/wp-content\/uploads\/2025\/04\/IMG-20250404-WA0048.jpg 828w, https:\/\/www.annaobserva.org\/wp-content\/uploads\/2025\/04\/IMG-20250404-WA0048-240x300.jpg 240w, https:\/\/www.annaobserva.org\/wp-content\/uploads\/2025\/04\/IMG-20250404-WA0048-818x1024.jpg 818w, https:\/\/www.annaobserva.org\/wp-content\/uploads\/2025\/04\/IMG-20250404-WA0048-768x961.jpg 768w\" sizes=\"auto, (max-width: 828px) 100vw, 828px\" \/><\/a>\n<h4 class=\"pt-cv-title\"><a href=\"https:\/\/www.annaobserva.org\/es\/la-terminologia-importa-segunda-edicion-de-las-directrices-terminologicas\/\" class=\"_self\" target=\"_self\" >La terminolog\u00eda importa: Segunda Edici\u00f3n de las Directrices Terminol\u00f3gicas<\/a><\/h4>\n<div class=\"pt-cv-content\">Elaboradas por un Grupo de Trabajo Inter-agencial mundial, ...<br \/><div class=\"pt-cv-rmwrap\"><a href=\"https:\/\/www.annaobserva.org\/es\/la-terminologia-importa-segunda-edicion-de-las-directrices-terminologicas\/\" class=\"_self pt-cv-readmore btn btn-success\" target=\"_self\">ver m\u00e1s<\/a><\/div><\/div>\n<div class=\"pt-cv-meta-fields\"><span class=\"entry-date\"> <time datetime=\"2025-04-04T15:14:07+00:00\">4 abril, 2025<\/time><\/span><\/div><\/div><\/div>\n<div class=\"col-md-3 col-sm-6 col-xs-12 pt-cv-content-item pt-cv-1-col\" ><div class='pt-cv-ifield'><a href=\"https:\/\/www.annaobserva.org\/es\/abordaje-de-la-explotacion-sexual-de-ninas-ninos-y-adolescentes-en-los-estados-de-la-region-informe-al-secretario-general-de-la-oea-2024\/\" class=\"_self pt-cv-href-thumbnail pt-cv-thumb-default\" target=\"_self\" ><img loading=\"lazy\" decoding=\"async\" width=\"1080\" height=\"1080\" src=\"https:\/\/www.annaobserva.org\/wp-content\/uploads\/2024\/12\/Portada-Observatorio.jpg\" class=\"pt-cv-thumbnail\" alt=\"\" srcset=\"https:\/\/www.annaobserva.org\/wp-content\/uploads\/2024\/12\/Portada-Observatorio.jpg 1080w, https:\/\/www.annaobserva.org\/wp-content\/uploads\/2024\/12\/Portada-Observatorio-300x300.jpg 300w, https:\/\/www.annaobserva.org\/wp-content\/uploads\/2024\/12\/Portada-Observatorio-1024x1024.jpg 1024w, https:\/\/www.annaobserva.org\/wp-content\/uploads\/2024\/12\/Portada-Observatorio-150x150.jpg 150w, https:\/\/www.annaobserva.org\/wp-content\/uploads\/2024\/12\/Portada-Observatorio-768x768.jpg 768w\" sizes=\"auto, (max-width: 1080px) 100vw, 1080px\" \/><\/a>\n<h4 class=\"pt-cv-title\"><a href=\"https:\/\/www.annaobserva.org\/es\/abordaje-de-la-explotacion-sexual-de-ninas-ninos-y-adolescentes-en-los-estados-de-la-region-informe-al-secretario-general-de-la-oea-2024\/\" class=\"_self\" target=\"_self\" >Abordaje de la explotaci\u00f3n sexual de ni\u00f1as, ni\u00f1os y adolescentes en los Estados de la regi\u00f3n. Informe al Secretario General de la OEA 2024<\/a><\/h4>\n<div class=\"pt-cv-content\">En cumplimiento del mandato de la Asamblea General ...<br \/><div class=\"pt-cv-rmwrap\"><a href=\"https:\/\/www.annaobserva.org\/es\/abordaje-de-la-explotacion-sexual-de-ninas-ninos-y-adolescentes-en-los-estados-de-la-region-informe-al-secretario-general-de-la-oea-2024\/\" class=\"_self pt-cv-readmore btn btn-success\" target=\"_self\">ver m\u00e1s<\/a><\/div><\/div>\n<div class=\"pt-cv-meta-fields\"><span class=\"entry-date\"> <time datetime=\"2024-12-30T20:16:28+00:00\">30 diciembre, 2024<\/time><\/span><\/div><\/div><\/div><\/div><\/div><\/div><\/div>\n<div class=\"container paddaj interespad\">\n<h3>Informaci\u00f3n de Inter\u00e9s<\/h3>\n<div class=\"col-md-15 infos\"><a href=\"https:\/\/oas.org\/es\/\" target=\"_blank\" rel=\"noopener noreferrer\"><img decoding=\"async\" class=\"logo-oea\" src=\"https:\/\/annaobserva.org\/wp-content\/uploads\/2026\/03\/oea-esp-2025.png\" \/><\/a><\/div>\n<div class=\"col-md-15 infos\"><a href=\"https:\/\/iin.oea.org\/\" target=\"_blank\" rel=\"noopener noreferrer\"><img decoding=\"async\" class=\"logo-iin\" src=\"https:\/\/annaobserva.org\/wp-content\/uploads\/2018\/03\/logo-iin-annaobserva.png\" \/><\/a><\/div>\n<div class=\"col-md-15 infos d-none\"><a href=\"https:\/\/iin.oea.org\/badaj\/\" target=\"_blank\" rel=\"noopener noreferrer\"><img decoding=\"async\" class=\"logo-badaj\" src=\"https:\/\/annaobserva.org\/wp-content\/uploads\/2016\/09\/badaj.png\" \/><\/a><\/div>\n<div class=\"col-md-15 infos d-none\"><a href=\"https:\/\/iin.oea.org\/participacion.html\" target=\"_blank\" rel=\"noopener noreferrer\"><img decoding=\"async\" class=\"logo-nuestra\" src=\"https:\/\/annaobserva.org\/wp-content\/uploads\/2017\/09\/logonuestra.png\" \/><\/a><\/div>\n<div class=\"col-md-15 infos d-none\"><a href=\"https:\/\/iin.oea.org\/sinna\" target=\"_blank\" rel=\"noopener noreferrer\"><img decoding=\"async\" class=\"logo-sinna\" src=\"https:\/\/annaobserva.org\/wp-content\/uploads\/2018\/09\/Logo_SINNA_Final..png\" \/><\/a><\/div>\n<\/div>\n<p><\/p>","protected":false},"excerpt":{"rendered":"<p>Nuestro deseo es que ANNAObserva sea el punto de encuentro de una comunidad interesada en promover la protecci\u00f3n integral de ni\u00f1as, ni\u00f1os y adolescentes frente a la explotaci\u00f3n sexual, tr\u00e1fico y trata, desde un enfoque de derechos humanos. Programa de Cooperaci\u00f3n Interamericano para la Prevenci\u00f3n y Erradicaci\u00f3n de la Explotaci\u00f3n Sexual, Tr\u00e1fico y Trata de<a class=\"moretag\" href=\"https:\/\/www.annaobserva.org\/es\/\"><span class=\"screen-reader-text\">Leer m\u00e1s sobre INICIO<\/span>[&#8230;]<\/a><\/p>\n","protected":false},"author":4,"featured_media":0,"parent":0,"menu_order":0,"comment_status":"closed","ping_status":"closed","template":"template-fullwidth.php","meta":{"footnotes":""},"class_list":["post-25","page","type-page","status-publish","hentry"],"_links":{"self":[{"href":"https:\/\/www.annaobserva.org\/es\/wp-json\/wp\/v2\/pages\/25","targetHints":{"allow":["GET"]}}],"collection":[{"href":"https:\/\/www.annaobserva.org\/es\/wp-json\/wp\/v2\/pages"}],"about":[{"href":"https:\/\/www.annaobserva.org\/es\/wp-json\/wp\/v2\/types\/page"}],"author":[{"embeddable":true,"href":"https:\/\/www.annaobserva.org\/es\/wp-json\/wp\/v2\/users\/4"}],"replies":[{"embeddable":true,"href":"https:\/\/www.annaobserva.org\/es\/wp-json\/wp\/v2\/comments?post=25"}],"version-history":[{"count":5,"href":"https:\/\/www.annaobserva.org\/es\/wp-json\/wp\/v2\/pages\/25\/revisions"}],"predecessor-version":[{"id":1244,"href":"https:\/\/www.annaobserva.org\/es\/wp-json\/wp\/v2\/pages\/25\/revisions\/1244"}],"wp:attachment":[{"href":"https:\/\/www.annaobserva.org\/es\/wp-json\/wp\/v2\/media?parent=25"}],"curies":[{"name":"wp","href":"https:\/\/api.w.org\/{rel}","templated":true}]}}