{"id":8,"date":"2016-09-12T02:21:10","date_gmt":"2016-09-12T02:21:10","guid":{"rendered":"http:\/\/www.annaobserva.org\/?page_id=8"},"modified":"2025-04-03T20:51:03","modified_gmt":"2025-04-03T20:51:03","slug":"formacion-de-rr-hh","status":"publish","type":"page","link":"https:\/\/www.annaobserva.org\/es\/formacion-de-rr-hh\/","title":{"rendered":"Formaci\u00f3n de RR.HH."},"content":{"rendered":"<p><\/p>\n<div class=\"container-fluid back-rrhh paddaj\">\n<div class=\"container paddaj\">\n<div class=\"col-md-9 back-desc\">\n<h1 style=\"text-align: justify;\">Formaci\u00f3n de Recursos Humanos<\/h1>\n<p style=\"text-align: justify;\">El Programa de Cooperaci\u00f3n Interamericano para la Prevenci\u00f3n y Erradicaci\u00f3n de la Explotaci\u00f3n Sexual, Tr\u00e1fico y Trata de Ni\u00f1os, Ni\u00f1as y Adolescentes inicia en el a\u00f1o 2009 una l\u00ednea de trabajo destinada a la formaci\u00f3n de recursos humanos, a trav\u00e9s del desarrollo de un <b>Curso semi-presencial sobre Explotaci\u00f3n Sexual de Ni\u00f1as, Ni\u00f1os y Adolescentes&#8230;<\/b><\/p>\n<\/div>\n<\/div>\n<\/div>\n<div class=\"container\" style=\"text-align: justify;\">\n<div><\/div>\n<\/div>\n<div class=\"container paddaj interespad\">\n<p style=\"text-align: justify;\">El curso consta de <strong>dos etapas<\/strong>: una <strong>primera fase, de car\u00e1cter virtual, impartida por el IIN<\/strong> de forma simult\u00e1nea a las\/os participantes de todos los Estados, y una <strong>segunda etapa, de car\u00e1cter presencial, impartida por cada Estado<\/strong> para las\/os nacionales. En este sentido, se trata de una <strong>actividad desarrollada en corresponsabilidad con los Estados que deciden ser parte de la propuesta formativa, asumiendo la organizaci\u00f3n e implementaci\u00f3n de la fase presencial.<\/strong><\/p>\n<p style=\"text-align: justify;\">La primera fase del curso, de 8 semanas de duraci\u00f3n, se desarrolla en modalidad virtual asincr\u00f3nica, a trav\u00e9s de la <a href=\"https:\/\/cursos.iinoea.space\/moodle\/\">Plataforma Moodle del PIC\/IIN-OEA<\/a>. Cada semana se habilita un m\u00f3dulo tem\u00e1tico, en el que se ofrece material bibliogr\u00e1fico, espacios de intercambio y actividades orientadas a que las\/os participantes conozcan la realidad del fen\u00f3meno en su pa\u00eds, en di\u00e1logo con las\/os participantes y la experiencia de otros pa\u00edses.<\/p>\n<p style=\"text-align: justify;\">La propuesta pedag\u00f3gica de la segunda fase del curso (duraci\u00f3n, contenidos, metodolog\u00eda, criterios de evaluaci\u00f3n, criterios de aprobaci\u00f3n, docentes, etc.) es definida por cada Estado, en virtud de sus necesidades y posibilidades locales, y acordada con el IIN-OEA, con base en unos est\u00e1ndares m\u00ednimos exigidos.<\/p>\n<p style=\"text-align: justify;\">Cientos de operadores, provenientes de Argentina, Bolivia, Brasil, Chile, Costa Rica, Colombia, Ecuador, El Salvador, Guatemala, Honduras, M\u00e9xico, Panam\u00e1, Paraguay, Per\u00fa, Rep\u00fablica Dominicana y Uruguay, han participado del curso.<\/p>\n<p style=\"text-align: justify;\"><strong>\u00a0<\/strong><\/p>\n<p><strong>Fechas importantes- Edici\u00f3n 2025<\/strong><\/p>\n<p>Convocatoria a Estados para participaci\u00f3n co-responsable en el curso: 1 de abril a 25 de abril<\/p>\n<p>Desarrollo primera etapa: 23 de junio \u2013 15 agosto<\/p>\n<p>Desarrollo segunda etapa: octubre<\/p>\n<p style=\"text-align: justify;\">Ver <strong>Ficha T\u00e9cnica<\/strong> del curso <strong><a href=\"http:\/\/www.annaobserva.org\/wp-content\/uploads\/2025\/04\/Anexo-2-Ficha-curso-ESNNA_semi-presencial_2025.pdf\">aqu\u00ed<\/a>.<\/strong><\/p>\n<p>&nbsp;<\/p>\n<p style=\"text-align: justify;\">El curso semi-presencial sobre Explotaci\u00f3n Sexual de Ni\u00f1as, Ni\u00f1os y Adolescentes es parte de la oferta regular de cursos del <strong>Programa Interamericano de Capacitaci\u00f3n (PIC)<\/strong> del IIN-OEA.<\/p>\n<p>Por m\u00e1s informaci\u00f3n sobre el PIC ver <a href=\"https:\/\/iin.oea.org\/programa-interamericano.html\"><strong>aqu\u00ed.<\/strong><\/a><\/p>\n<\/div>\n<p><\/p>","protected":false},"excerpt":{"rendered":"<p>Formaci\u00f3n de Recursos Humanos El Programa de Cooperaci\u00f3n Interamericano para la Prevenci\u00f3n y Erradicaci\u00f3n de la Explotaci\u00f3n Sexual, Tr\u00e1fico y Trata de Ni\u00f1os, Ni\u00f1as y Adolescentes inicia en el a\u00f1o 2009 una l\u00ednea de trabajo destinada a la formaci\u00f3n de recursos humanos, a trav\u00e9s del desarrollo de un Curso semi-presencial sobre Explotaci\u00f3n Sexual de Ni\u00f1as,<a class=\"moretag\" href=\"https:\/\/www.annaobserva.org\/es\/formacion-de-rr-hh\/\"><span class=\"screen-reader-text\">Leer m\u00e1s sobre Formaci\u00f3n de RR.HH.<\/span>[&#8230;]<\/a><\/p>\n","protected":false},"author":4,"featured_media":0,"parent":0,"menu_order":0,"comment_status":"closed","ping_status":"closed","template":"template-fullwidth.php","meta":{"footnotes":""},"class_list":["post-8","page","type-page","status-publish","hentry"],"_links":{"self":[{"href":"https:\/\/www.annaobserva.org\/es\/wp-json\/wp\/v2\/pages\/8","targetHints":{"allow":["GET"]}}],"collection":[{"href":"https:\/\/www.annaobserva.org\/es\/wp-json\/wp\/v2\/pages"}],"about":[{"href":"https:\/\/www.annaobserva.org\/es\/wp-json\/wp\/v2\/types\/page"}],"author":[{"embeddable":true,"href":"https:\/\/www.annaobserva.org\/es\/wp-json\/wp\/v2\/users\/4"}],"replies":[{"embeddable":true,"href":"https:\/\/www.annaobserva.org\/es\/wp-json\/wp\/v2\/comments?post=8"}],"version-history":[{"count":6,"href":"https:\/\/www.annaobserva.org\/es\/wp-json\/wp\/v2\/pages\/8\/revisions"}],"predecessor-version":[{"id":1209,"href":"https:\/\/www.annaobserva.org\/es\/wp-json\/wp\/v2\/pages\/8\/revisions\/1209"}],"wp:attachment":[{"href":"https:\/\/www.annaobserva.org\/es\/wp-json\/wp\/v2\/media?parent=8"}],"curies":[{"name":"wp","href":"https:\/\/api.w.org\/{rel}","templated":true}]}}